{"id":2,"date":"2025-01-12T17:58:26","date_gmt":"2025-01-12T16:58:26","guid":{"rendered":"https:\/\/agitated-banzai.85-215-185-85.plesk.page\/szent-ferenc-kistestverei-szerzeteskozosseg\/?page_id=2"},"modified":"2025-01-15T23:15:37","modified_gmt":"2025-01-15T22:15:37","slug":"szent-ferenc-kistestverei-szerzeteskozosseg","status":"publish","type":"page","link":"https:\/\/agitated-banzai.85-215-185-85.plesk.page\/szent-ferenc-kistestverei-szerzeteskozosseg\/","title":{"rendered":"Szent Ferenc Kistestv\u00e9rei Szerzetesk\u00f6z\u00f6ss\u00e9g"},"content":{"rendered":"","protected":false},"excerpt":{"rendered":"","protected":false},"author":1,"featured_media":0,"parent":0,"menu_order":0,"comment_status":"closed","ping_status":"closed","template":"","meta":{"_EventAllDay":false,"_EventTimezone":"","_EventStartDate":"","_EventEndDate":"","_EventStartDateUTC":"","_EventEndDateUTC":"","_EventShowMap":false,"_EventShowMapLink":false,"_EventURL":"","_EventCost":"","_EventCostDescription":"","_EventCurrencySymbol":"","_EventCurrencyCode":"","_EventCurrencyPosition":"","_EventDateTimeSeparator":"","_EventTimeRangeSeparator":"","_EventOrganizerID":[],"_EventVenueID":[],"_OrganizerEmail":"","_OrganizerPhone":"","_OrganizerWebsite":"","_VenueAddress":"","_VenueCity":"","_VenueCountry":"","_VenueProvince":"","_VenueState":"","_VenueZip":"","_VenuePhone":"","_VenueURL":"","_VenueStateProvince":"","_VenueLat":"","_VenueLng":"","_VenueShowMap":false,"_VenueShowMapLink":false,"footnotes":""},"class_list":["post-2","page","type-page","status-publish","hentry"],"_links":{"self":[{"href":"https:\/\/agitated-banzai.85-215-185-85.plesk.page\/szent-ferenc-kistestverei-szerzeteskozosseg\/wp-json\/wp\/v2\/pages\/2","targetHints":{"allow":["GET"]}}],"collection":[{"href":"https:\/\/agitated-banzai.85-215-185-85.plesk.page\/szent-ferenc-kistestverei-szerzeteskozosseg\/wp-json\/wp\/v2\/pages"}],"about":[{"href":"https:\/\/agitated-banzai.85-215-185-85.plesk.page\/szent-ferenc-kistestverei-szerzeteskozosseg\/wp-json\/wp\/v2\/types\/page"}],"author":[{"embeddable":true,"href":"https:\/\/agitated-banzai.85-215-185-85.plesk.page\/szent-ferenc-kistestverei-szerzeteskozosseg\/wp-json\/wp\/v2\/users\/1"}],"replies":[{"embeddable":true,"href":"https:\/\/agitated-banzai.85-215-185-85.plesk.page\/szent-ferenc-kistestverei-szerzeteskozosseg\/wp-json\/wp\/v2\/comments?post=2"}],"version-history":[{"count":2,"href":"https:\/\/agitated-banzai.85-215-185-85.plesk.page\/szent-ferenc-kistestverei-szerzeteskozosseg\/wp-json\/wp\/v2\/pages\/2\/revisions"}],"predecessor-version":[{"id":42,"href":"https:\/\/agitated-banzai.85-215-185-85.plesk.page\/szent-ferenc-kistestverei-szerzeteskozosseg\/wp-json\/wp\/v2\/pages\/2\/revisions\/42"}],"wp:attachment":[{"href":"https:\/\/agitated-banzai.85-215-185-85.plesk.page\/szent-ferenc-kistestverei-szerzeteskozosseg\/wp-json\/wp\/v2\/media?parent=2"}],"curies":[{"name":"wp","href":"https:\/\/api.w.org\/{rel}","templated":true}]}}